{"id":20732,"date":"2021-01-15T16:58:30","date_gmt":"2021-01-15T14:58:30","guid":{"rendered":"https:\/\/goralska.snazzy.fr\/product\/allegresse-18k-gold-ring-set-with-a-paraiba-tourmaline\/"},"modified":"2022-05-12T17:09:39","modified_gmt":"2022-05-12T15:09:39","slug":"allegresse-18k-gold-ring-set-with-a-paraiba-tourmaline","status":"publish","type":"product","link":"https:\/\/goralska.snazzy.fr\/en\/product\/allegresse-18k-gold-ring-set-with-a-paraiba-tourmaline\/","title":{"rendered":"Ring All\u00e9gresse, Pink gold, Para\u00edba Tourmaline"},"content":{"rendered":"<p>18 carats pink gold ring (26.82g) set with a quartz with inclusions of para\u00efba tourmaline (26.42cts).<\/p>\n<p><strong>This unique piece is available in size: 52. Size modify on order.<\/strong><\/p>\n<p>Model modification time within 4 weeks.<\/p>\n<p>This model is a unique piece only the center stone can be modified. We strive for excellence in all the jewelry we make, therefore the weight of gold and quantities of stones may slightly change from one creation to another. The sale price may therefore also change, a quotation will be submitted to you.<\/p>\n<p>&nbsp;<\/p>\n","protected":false},"excerpt":{"rendered":"<p><em>Contact-us by mail at: office@goralska.com or visit our boutiques located at: 20 rue de la Paix 75002 Paris and 9 rue du Foss\u00e9 1536 Luxembourg.<\/em><\/p>\n","protected":false},"featured_media":20733,"template":"","meta":{"_acf_changed":false,"_uag_custom_page_level_css":""},"product_brand":[],"product_cat":[336,417,321],"product_tag":[],"class_list":{"0":"post-20732","1":"product","2":"type-product","3":"status-publish","4":"has-post-thumbnail","6":"product_cat-unique-pieces","7":"product_cat-allegresse-2","8":"product_cat-rings","9":"pa_taille-bagues-6-en","11":"first","12":"instock","13":"shipping-taxable","14":"purchasable","15":"product-type-simple"},"acf":[],"yoast_head":"<!-- This site is optimized with the Yoast SEO plugin v24.6 - https:\/\/yoast.com\/wordpress\/plugins\/seo\/ -->\n<title>Ring All\u00e9gresse, Pink gold, Para\u00edba Tourmaline - Goralska Joaillerie<\/title>\n<meta name=\"robots\" content=\"noindex, follow, max-snippet:-1, max-image-preview:large, max-video-preview:-1\" \/>\n<meta property=\"og:locale\" content=\"en_US\" \/>\n<meta property=\"og:type\" content=\"article\" \/>\n<meta property=\"og:title\" content=\"Ring All\u00e9gresse, Pink gold, Para\u00edba Tourmaline - Goralska Joaillerie\" \/>\n<meta property=\"og:description\" content=\"Contact-us by mail at: office@goralska.com or visit our boutiques located at: 20 rue de la Paix 75002 Paris and 9 rue du Foss\u00e9 1536 Luxembourg.\" \/>\n<meta property=\"og:url\" content=\"https:\/\/goralska.snazzy.fr\/en\/product\/allegresse-18k-gold-ring-set-with-a-paraiba-tourmaline\/\" \/>\n<meta property=\"og:site_name\" content=\"Goralska Joaillerie\" \/>\n<meta property=\"article:publisher\" content=\"https:\/\/www.facebook.com\/goralska.joaillerie\/\" \/>\n<meta property=\"article:modified_time\" content=\"2022-05-12T15:09:39+00:00\" \/>\n<meta property=\"og:image\" content=\"https:\/\/goralska.snazzy.fr\/wp-content\/uploads\/nc\/media\/c81430_26de6f65ef314c08a811bbedad1b369e-mv2_d_1772_1772_s_2.png\/v1\/fit\/w_1772-h_1772-q_90\/file.png\" \/>\n\t<meta property=\"og:image:width\" content=\"1772\" \/>\n\t<meta property=\"og:image:height\" content=\"1772\" \/>\n\t<meta property=\"og:image:type\" content=\"image\/png\" \/>\n<meta name=\"twitter:card\" content=\"summary_large_image\" \/>\n<meta name=\"twitter:site\" content=\"@goralskaparis\" \/>\n<script type=\"application\/ld+json\" class=\"yoast-schema-graph\">{\"@context\":\"https:\/\/schema.org\",\"@graph\":[{\"@type\":[\"WebPage\",\"ItemPage\"],\"@id\":\"https:\/\/goralska.snazzy.fr\/en\/product\/allegresse-18k-gold-ring-set-with-a-paraiba-tourmaline\/\",\"url\":\"https:\/\/goralska.snazzy.fr\/en\/product\/allegresse-18k-gold-ring-set-with-a-paraiba-tourmaline\/\",\"name\":\"Ring All\u00e9gresse, Pink gold, Para\u00edba Tourmaline - Goralska Joaillerie\",\"isPartOf\":{\"@id\":\"https:\/\/goralska.snazzy.fr\/en\/#website\"},\"primaryImageOfPage\":{\"@id\":\"https:\/\/goralska.snazzy.fr\/en\/product\/allegresse-18k-gold-ring-set-with-a-paraiba-tourmaline\/#primaryimage\"},\"image\":{\"@id\":\"https:\/\/goralska.snazzy.fr\/en\/product\/allegresse-18k-gold-ring-set-with-a-paraiba-tourmaline\/#primaryimage\"},\"thumbnailUrl\":\"https:\/\/goralska.snazzy.fr\/wp-content\/uploads\/nc\/media\/c81430_26de6f65ef314c08a811bbedad1b369e-mv2_d_1772_1772_s_2.png\/v1\/fit\/w_1772-h_1772-q_90\/file.png\",\"datePublished\":\"2021-01-15T14:58:30+00:00\",\"dateModified\":\"2022-05-12T15:09:39+00:00\",\"breadcrumb\":{\"@id\":\"https:\/\/goralska.snazzy.fr\/en\/product\/allegresse-18k-gold-ring-set-with-a-paraiba-tourmaline\/#breadcrumb\"},\"inLanguage\":\"en-US\",\"potentialAction\":[{\"@type\":\"ReadAction\",\"target\":[\"https:\/\/goralska.snazzy.fr\/en\/product\/allegresse-18k-gold-ring-set-with-a-paraiba-tourmaline\/\"]}]},{\"@type\":\"ImageObject\",\"inLanguage\":\"en-US\",\"@id\":\"https:\/\/goralska.snazzy.fr\/en\/product\/allegresse-18k-gold-ring-set-with-a-paraiba-tourmaline\/#primaryimage\",\"url\":\"https:\/\/goralska.snazzy.fr\/wp-content\/uploads\/nc\/media\/c81430_26de6f65ef314c08a811bbedad1b369e-mv2_d_1772_1772_s_2.png\/v1\/fit\/w_1772-h_1772-q_90\/file.png\",\"contentUrl\":\"https:\/\/goralska.snazzy.fr\/wp-content\/uploads\/nc\/media\/c81430_26de6f65ef314c08a811bbedad1b369e-mv2_d_1772_1772_s_2.png\/v1\/fit\/w_1772-h_1772-q_90\/file.png\",\"width\":1772,\"height\":1772,\"caption\":\"all\u00e9gresse bague tourmaline\"},{\"@type\":\"BreadcrumbList\",\"@id\":\"https:\/\/goralska.snazzy.fr\/en\/product\/allegresse-18k-gold-ring-set-with-a-paraiba-tourmaline\/#breadcrumb\",\"itemListElement\":[{\"@type\":\"ListItem\",\"position\":1,\"name\":\"Home\",\"item\":\"https:\/\/goralska.snazzy.fr\/en\/\"},{\"@type\":\"ListItem\",\"position\":2,\"name\":\"Shop\",\"item\":\"https:\/\/goralska.snazzy.fr\/en\/shop\/\"},{\"@type\":\"ListItem\",\"position\":3,\"name\":\"Ring All\u00e9gresse, Pink gold, Para\u00edba Tourmaline\"}]},{\"@type\":\"WebSite\",\"@id\":\"https:\/\/goralska.snazzy.fr\/en\/#website\",\"url\":\"https:\/\/goralska.snazzy.fr\/en\/\",\"name\":\"Goralska Joaillerie\",\"description\":\"20 rue de la Paix, 75002 Paris\",\"publisher\":{\"@id\":\"https:\/\/goralska.snazzy.fr\/en\/#organization\"},\"potentialAction\":[{\"@type\":\"SearchAction\",\"target\":{\"@type\":\"EntryPoint\",\"urlTemplate\":\"https:\/\/goralska.snazzy.fr\/en\/?s={search_term_string}\"},\"query-input\":{\"@type\":\"PropertyValueSpecification\",\"valueRequired\":true,\"valueName\":\"search_term_string\"}}],\"inLanguage\":\"en-US\"},{\"@type\":\"Organization\",\"@id\":\"https:\/\/goralska.snazzy.fr\/en\/#organization\",\"name\":\"Goralska Joaillerie\",\"url\":\"https:\/\/goralska.snazzy.fr\/en\/\",\"logo\":{\"@type\":\"ImageObject\",\"inLanguage\":\"en-US\",\"@id\":\"https:\/\/goralska.snazzy.fr\/en\/#\/schema\/logo\/image\/\",\"url\":\"https:\/\/goralska.snazzy.fr\/wp-content\/uploads\/2021\/05\/cropped-Goralska_logo-vectorise\u03014.png\",\"contentUrl\":\"https:\/\/goralska.snazzy.fr\/wp-content\/uploads\/2021\/05\/cropped-Goralska_logo-vectorise\u03014.png\",\"width\":2048,\"height\":599,\"caption\":\"Goralska Joaillerie\"},\"image\":{\"@id\":\"https:\/\/goralska.snazzy.fr\/en\/#\/schema\/logo\/image\/\"},\"sameAs\":[\"https:\/\/www.facebook.com\/goralska.joaillerie\/\",\"https:\/\/x.com\/goralskaparis\",\"https:\/\/www.instagram.com\/goralskajoaillerieparis\/\",\"https:\/\/www.youtube.com\/channel\/UCCIiW_T5DoPfVy_hMocGz9g\"]}]}<\/script>\n<!-- \/ Yoast SEO plugin. -->","yoast_head_json":{"title":"Ring All\u00e9gresse, Pink gold, Para\u00edba Tourmaline - Goralska Joaillerie","robots":{"index":"noindex","follow":"follow","max-snippet":"max-snippet:-1","max-image-preview":"max-image-preview:large","max-video-preview":"max-video-preview:-1"},"og_locale":"en_US","og_type":"article","og_title":"Ring All\u00e9gresse, Pink gold, Para\u00edba Tourmaline - Goralska Joaillerie","og_description":"Contact-us by mail at: office@goralska.com or visit our boutiques located at: 20 rue de la Paix 75002 Paris and 9 rue du Foss\u00e9 1536 Luxembourg.","og_url":"https:\/\/goralska.snazzy.fr\/en\/product\/allegresse-18k-gold-ring-set-with-a-paraiba-tourmaline\/","og_site_name":"Goralska Joaillerie","article_publisher":"https:\/\/www.facebook.com\/goralska.joaillerie\/","article_modified_time":"2022-05-12T15:09:39+00:00","og_image":[{"width":1772,"height":1772,"url":"https:\/\/goralska.snazzy.fr\/wp-content\/uploads\/nc\/media\/c81430_26de6f65ef314c08a811bbedad1b369e-mv2_d_1772_1772_s_2.png\/v1\/fit\/w_1772-h_1772-q_90\/file.png","type":"image\/png"}],"twitter_card":"summary_large_image","twitter_site":"@goralskaparis","schema":{"@context":"https:\/\/schema.org","@graph":[{"@type":["WebPage","ItemPage"],"@id":"https:\/\/goralska.snazzy.fr\/en\/product\/allegresse-18k-gold-ring-set-with-a-paraiba-tourmaline\/","url":"https:\/\/goralska.snazzy.fr\/en\/product\/allegresse-18k-gold-ring-set-with-a-paraiba-tourmaline\/","name":"Ring All\u00e9gresse, Pink gold, Para\u00edba Tourmaline - Goralska Joaillerie","isPartOf":{"@id":"https:\/\/goralska.snazzy.fr\/en\/#website"},"primaryImageOfPage":{"@id":"https:\/\/goralska.snazzy.fr\/en\/product\/allegresse-18k-gold-ring-set-with-a-paraiba-tourmaline\/#primaryimage"},"image":{"@id":"https:\/\/goralska.snazzy.fr\/en\/product\/allegresse-18k-gold-ring-set-with-a-paraiba-tourmaline\/#primaryimage"},"thumbnailUrl":"https:\/\/goralska.snazzy.fr\/wp-content\/uploads\/nc\/media\/c81430_26de6f65ef314c08a811bbedad1b369e-mv2_d_1772_1772_s_2.png\/v1\/fit\/w_1772-h_1772-q_90\/file.png","datePublished":"2021-01-15T14:58:30+00:00","dateModified":"2022-05-12T15:09:39+00:00","breadcrumb":{"@id":"https:\/\/goralska.snazzy.fr\/en\/product\/allegresse-18k-gold-ring-set-with-a-paraiba-tourmaline\/#breadcrumb"},"inLanguage":"en-US","potentialAction":[{"@type":"ReadAction","target":["https:\/\/goralska.snazzy.fr\/en\/product\/allegresse-18k-gold-ring-set-with-a-paraiba-tourmaline\/"]}]},{"@type":"ImageObject","inLanguage":"en-US","@id":"https:\/\/goralska.snazzy.fr\/en\/product\/allegresse-18k-gold-ring-set-with-a-paraiba-tourmaline\/#primaryimage","url":"https:\/\/goralska.snazzy.fr\/wp-content\/uploads\/nc\/media\/c81430_26de6f65ef314c08a811bbedad1b369e-mv2_d_1772_1772_s_2.png\/v1\/fit\/w_1772-h_1772-q_90\/file.png","contentUrl":"https:\/\/goralska.snazzy.fr\/wp-content\/uploads\/nc\/media\/c81430_26de6f65ef314c08a811bbedad1b369e-mv2_d_1772_1772_s_2.png\/v1\/fit\/w_1772-h_1772-q_90\/file.png","width":1772,"height":1772,"caption":"all\u00e9gresse bague tourmaline"},{"@type":"BreadcrumbList","@id":"https:\/\/goralska.snazzy.fr\/en\/product\/allegresse-18k-gold-ring-set-with-a-paraiba-tourmaline\/#breadcrumb","itemListElement":[{"@type":"ListItem","position":1,"name":"Home","item":"https:\/\/goralska.snazzy.fr\/en\/"},{"@type":"ListItem","position":2,"name":"Shop","item":"https:\/\/goralska.snazzy.fr\/en\/shop\/"},{"@type":"ListItem","position":3,"name":"Ring All\u00e9gresse, Pink gold, Para\u00edba Tourmaline"}]},{"@type":"WebSite","@id":"https:\/\/goralska.snazzy.fr\/en\/#website","url":"https:\/\/goralska.snazzy.fr\/en\/","name":"Goralska Joaillerie","description":"20 rue de la Paix, 75002 Paris","publisher":{"@id":"https:\/\/goralska.snazzy.fr\/en\/#organization"},"potentialAction":[{"@type":"SearchAction","target":{"@type":"EntryPoint","urlTemplate":"https:\/\/goralska.snazzy.fr\/en\/?s={search_term_string}"},"query-input":{"@type":"PropertyValueSpecification","valueRequired":true,"valueName":"search_term_string"}}],"inLanguage":"en-US"},{"@type":"Organization","@id":"https:\/\/goralska.snazzy.fr\/en\/#organization","name":"Goralska Joaillerie","url":"https:\/\/goralska.snazzy.fr\/en\/","logo":{"@type":"ImageObject","inLanguage":"en-US","@id":"https:\/\/goralska.snazzy.fr\/en\/#\/schema\/logo\/image\/","url":"https:\/\/goralska.snazzy.fr\/wp-content\/uploads\/2021\/05\/cropped-Goralska_logo-vectorise\u03014.png","contentUrl":"https:\/\/goralska.snazzy.fr\/wp-content\/uploads\/2021\/05\/cropped-Goralska_logo-vectorise\u03014.png","width":2048,"height":599,"caption":"Goralska Joaillerie"},"image":{"@id":"https:\/\/goralska.snazzy.fr\/en\/#\/schema\/logo\/image\/"},"sameAs":["https:\/\/www.facebook.com\/goralska.joaillerie\/","https:\/\/x.com\/goralskaparis","https:\/\/www.instagram.com\/goralskajoaillerieparis\/","https:\/\/www.youtube.com\/channel\/UCCIiW_T5DoPfVy_hMocGz9g"]}]}},"uagb_featured_image_src":{"full":["https:\/\/goralska.snazzy.fr\/wp-content\/uploads\/nc\/media\/c81430_26de6f65ef314c08a811bbedad1b369e-mv2_d_1772_1772_s_2.png\/v1\/fit\/w_1772-h_1772-q_90\/file.png",1772,1772,false],"thumbnail":["https:\/\/goralska.snazzy.fr\/wp-content\/uploads\/nc\/media\/c81430_26de6f65ef314c08a811bbedad1b369e-mv2_d_1772_1772_s_2.png\/v1\/fit\/w_1772-h_1772-q_90\/file-700x700.png",700,700,true],"medium":["https:\/\/goralska.snazzy.fr\/wp-content\/uploads\/nc\/media\/c81430_26de6f65ef314c08a811bbedad1b369e-mv2_d_1772_1772_s_2.png\/v1\/fit\/w_1772-h_1772-q_90\/file-700x700.png",700,700,true],"medium_large":["https:\/\/goralska.snazzy.fr\/wp-content\/uploads\/nc\/media\/c81430_26de6f65ef314c08a811bbedad1b369e-mv2_d_1772_1772_s_2.png\/v1\/fit\/w_1772-h_1772-q_90\/file-768x768.png",640,640,true],"large":["https:\/\/goralska.snazzy.fr\/wp-content\/uploads\/nc\/media\/c81430_26de6f65ef314c08a811bbedad1b369e-mv2_d_1772_1772_s_2.png\/v1\/fit\/w_1772-h_1772-q_90\/file-1024x1024.png",640,640,true],"1536x1536":["https:\/\/goralska.snazzy.fr\/wp-content\/uploads\/nc\/media\/c81430_26de6f65ef314c08a811bbedad1b369e-mv2_d_1772_1772_s_2.png\/v1\/fit\/w_1772-h_1772-q_90\/file-1536x1536.png",1536,1536,true],"2048x2048":["https:\/\/goralska.snazzy.fr\/wp-content\/uploads\/nc\/media\/c81430_26de6f65ef314c08a811bbedad1b369e-mv2_d_1772_1772_s_2.png\/v1\/fit\/w_1772-h_1772-q_90\/file.png",1772,1772,false],"product-search-thumbnail-32x32":["https:\/\/goralska.snazzy.fr\/wp-content\/uploads\/nc\/media\/c81430_26de6f65ef314c08a811bbedad1b369e-mv2_d_1772_1772_s_2.png\/v1\/fit\/w_1772-h_1772-q_90\/file-32x32.png",32,32,true],"color-variation-thumbnail":["https:\/\/goralska.snazzy.fr\/wp-content\/uploads\/nc\/media\/c81430_26de6f65ef314c08a811bbedad1b369e-mv2_d_1772_1772_s_2.png\/v1\/fit\/w_1772-h_1772-q_90\/file-47x47.png",47,47,true],"menu-24x24":["https:\/\/goralska.snazzy.fr\/wp-content\/uploads\/nc\/media\/c81430_26de6f65ef314c08a811bbedad1b369e-mv2_d_1772_1772_s_2.png\/v1\/fit\/w_1772-h_1772-q_90\/file-24x24.png",24,24,true],"menu-36x36":["https:\/\/goralska.snazzy.fr\/wp-content\/uploads\/nc\/media\/c81430_26de6f65ef314c08a811bbedad1b369e-mv2_d_1772_1772_s_2.png\/v1\/fit\/w_1772-h_1772-q_90\/file-36x36.png",36,36,true],"menu-48x48":["https:\/\/goralska.snazzy.fr\/wp-content\/uploads\/nc\/media\/c81430_26de6f65ef314c08a811bbedad1b369e-mv2_d_1772_1772_s_2.png\/v1\/fit\/w_1772-h_1772-q_90\/file-48x48.png",48,48,true],"woocommerce_thumbnail":["https:\/\/goralska.snazzy.fr\/wp-content\/uploads\/nc\/media\/c81430_26de6f65ef314c08a811bbedad1b369e-mv2_d_1772_1772_s_2.png\/v1\/fit\/w_1772-h_1772-q_90\/file-1500x1500.png",1500,1500,true],"woocommerce_single":["https:\/\/goralska.snazzy.fr\/wp-content\/uploads\/nc\/media\/c81430_26de6f65ef314c08a811bbedad1b369e-mv2_d_1772_1772_s_2.png\/v1\/fit\/w_1772-h_1772-q_90\/file-1500x1500.png",1500,1500,true],"woocommerce_gallery_thumbnail":["https:\/\/goralska.snazzy.fr\/wp-content\/uploads\/nc\/media\/c81430_26de6f65ef314c08a811bbedad1b369e-mv2_d_1772_1772_s_2.png\/v1\/fit\/w_1772-h_1772-q_90\/file-100x100.png",100,100,true],"variation_swatches_image_size":["https:\/\/goralska.snazzy.fr\/wp-content\/uploads\/nc\/media\/c81430_26de6f65ef314c08a811bbedad1b369e-mv2_d_1772_1772_s_2.png\/v1\/fit\/w_1772-h_1772-q_90\/file-50x50.png",50,50,true],"variation_swatches_tooltip_size":["https:\/\/goralska.snazzy.fr\/wp-content\/uploads\/nc\/media\/c81430_26de6f65ef314c08a811bbedad1b369e-mv2_d_1772_1772_s_2.png\/v1\/fit\/w_1772-h_1772-q_90\/file-100x100.png",100,100,true]},"uagb_author_info":{"display_name":"jonathanleder","author_link":"https:\/\/goralska.snazzy.fr\/en\/author\/"},"uagb_comment_info":0,"uagb_excerpt":"Contact-us by mail at: office@goralska.com or visit our boutiques located at: 20 rue de la Paix 75002 Paris and 9 rue du Foss\u00e9 1536 Luxembourg.","_links":{"self":[{"href":"https:\/\/goralska.snazzy.fr\/en\/wp-json\/wp\/v2\/product\/20732","targetHints":{"allow":["GET"]}}],"collection":[{"href":"https:\/\/goralska.snazzy.fr\/en\/wp-json\/wp\/v2\/product"}],"about":[{"href":"https:\/\/goralska.snazzy.fr\/en\/wp-json\/wp\/v2\/types\/product"}],"wp:featuredmedia":[{"embeddable":true,"href":"https:\/\/goralska.snazzy.fr\/en\/wp-json\/wp\/v2\/media\/20733"}],"wp:attachment":[{"href":"https:\/\/goralska.snazzy.fr\/en\/wp-json\/wp\/v2\/media?parent=20732"}],"wp:term":[{"taxonomy":"product_brand","embeddable":true,"href":"https:\/\/goralska.snazzy.fr\/en\/wp-json\/wp\/v2\/product_brand?post=20732"},{"taxonomy":"product_cat","embeddable":true,"href":"https:\/\/goralska.snazzy.fr\/en\/wp-json\/wp\/v2\/product_cat?post=20732"},{"taxonomy":"product_tag","embeddable":true,"href":"https:\/\/goralska.snazzy.fr\/en\/wp-json\/wp\/v2\/product_tag?post=20732"}],"curies":[{"name":"wp","href":"https:\/\/api.w.org\/{rel}","templated":true}]}}